{"id":294,"date":"2024-02-07T00:37:35","date_gmt":"2024-02-07T00:37:35","guid":{"rendered":"https:\/\/marqcert.com.br\/?page_id=294"},"modified":"2024-02-17T09:04:23","modified_gmt":"2024-02-17T09:04:23","slug":"ponto-de-atendimento","status":"publish","type":"page","link":"https:\/\/marqcert.com.br\/index.php\/ponto-de-atendimento\/","title":{"rendered":"Ponto de Atendimento"},"content":{"rendered":"\t\t<div data-elementor-type=\"wp-page\" data-elementor-id=\"294\" class=\"elementor elementor-294\">\n\t\t\t\t<div class=\"elementor-element elementor-element-50d12ccb e-con-full e-flex wpr-particle-no wpr-jarallax-no wpr-parallax-no wpr-sticky-section-no e-con e-parent\" data-id=\"50d12ccb\" data-element_type=\"container\" data-e-type=\"container\" data-settings=\"{&quot;background_background&quot;:&quot;classic&quot;}\">\n\t\t\t\t<div class=\"elementor-element elementor-element-65d826ca elementor-widget elementor-widget-heading\" data-id=\"65d826ca\" data-element_type=\"widget\" data-e-type=\"widget\" data-widget_type=\"heading.default\">\n\t\t\t\t<div class=\"elementor-widget-container\">\n\t\t\t\t\t<h2 class=\"elementor-heading-title elementor-size-xl\">Ponto de Atendimento<\/h2>\t\t\t\t<\/div>\n\t\t\t\t<\/div>\n\t\t\t\t<\/div>\n\t\t<div class=\"elementor-element elementor-element-451ae9be e-con-full e-flex wpr-particle-no wpr-jarallax-no wpr-parallax-no wpr-sticky-section-no e-con e-parent\" data-id=\"451ae9be\" data-element_type=\"container\" data-e-type=\"container\">\n\t\t\t\t<div class=\"elementor-element elementor-element-50d13d04 elementor-hidden-mobile elementor-widget elementor-widget-spacer\" data-id=\"50d13d04\" data-element_type=\"widget\" data-e-type=\"widget\" data-widget_type=\"spacer.default\">\n\t\t\t\t<div class=\"elementor-widget-container\">\n\t\t\t\t\t\t\t<div class=\"elementor-spacer\">\n\t\t\t<div class=\"elementor-spacer-inner\"><\/div>\n\t\t<\/div>\n\t\t\t\t\t\t<\/div>\n\t\t\t\t<\/div>\n\t\t\t\t<div class=\"elementor-element elementor-element-122acfdf elementor-widget elementor-widget-text-editor\" data-id=\"122acfdf\" data-element_type=\"widget\" data-e-type=\"widget\" data-widget_type=\"text-editor.default\">\n\t\t\t\t<div class=\"elementor-widget-container\">\n\t\t\t\t\t\t\t\t\t<h1>Benef\u00edcio de tornar-se um ponto de atendimento<\/h1><p>Voc\u00ea que \u00e9 empres\u00e1rio ou quer abrir uma empresa, e n\u00e3o est\u00e1 aproveitando esse momento hist\u00f3rico para os neg\u00f3cios.<br \/>Existe um mercado onde milh\u00f5es de pessoas est\u00e3o precisando de um profissional, \u00e9 uma excelente oportunidade onde voc\u00ea vai conseguir crescer rapidamente, com total liberdade para trabalhar do seu modo.<\/p><p>O mercado de certifica\u00e7\u00e3o digital est\u00e1 em franco crescimento no Brasil, e a nossa empresa est\u00e1 aguardando voc\u00ea para abrir um ponto de neg\u00f3cio e atender os clientes.<\/p><p>Agora \u00e9 a hora de voc\u00ea se tornar um empreendedor de sucesso.<\/p><ul><li>Baixo custo de manuten\u00e7\u00e3o no Ponto de Atendimento;<\/li><li>Entrega do certificado no momento da valida\u00e7\u00e3o presencial ou videoconfer\u00eancia;<\/li><li>Pre\u00e7os competitivos e vari\u00e1veis de acordo com sua regi\u00e3o;<\/li><li>Nossos pontos de atendimento, te habilitam a realizar o agendamento presencial em qualquer regi\u00e3o do Brasil;<\/li><li>Capacita\u00e7\u00e3o e treinamento do Agente de Registro sem custo;<\/li><li>Sistema de Gest\u00e3o das opera\u00e7\u00f5es tais como: vendas, emiss\u00f5es, recebimentos, controle de dossi\u00eas, estoque, agendamentos, controle de vendas e pagamento de comiss\u00f5es sem custo para o parceiro;<\/li><li>Fornecimento de todo o material para a realiza\u00e7\u00e3o das emiss\u00f5es dos certificados digitais, tais como, cart\u00f5es, leitoras, tokens, manuais de instala\u00e7\u00e3o, sacola, banners;<\/li><\/ul>\t\t\t\t\t\t\t\t<\/div>\n\t\t\t\t<\/div>\n\t\t\t\t<div class=\"elementor-element elementor-element-2904bc1 elementor-widget elementor-widget-text-editor\" data-id=\"2904bc1\" data-element_type=\"widget\" data-e-type=\"widget\" data-widget_type=\"text-editor.default\">\n\t\t\t\t<div class=\"elementor-widget-container\">\n\t\t\t\t\t\t\t\t\t<h2 align=\"center\"><span lang=\"PT-BR\">Preencha o formul\u00e2rio que logo entraremos em contato..<\/span><\/h2>\t\t\t\t\t\t\t\t<\/div>\n\t\t\t\t<\/div>\n\t\t\t\t<\/div>\n\t\t<div class=\"elementor-element elementor-element-ff383df e-flex e-con-boxed wpr-particle-no wpr-jarallax-no wpr-parallax-no wpr-sticky-section-no e-con e-parent\" data-id=\"ff383df\" data-element_type=\"container\" data-e-type=\"container\">\n\t\t\t\t\t<div class=\"e-con-inner\">\n\t\t\t\t<div class=\"elementor-element elementor-element-e330c33 elementor-widget elementor-widget-wpforms\" data-id=\"e330c33\" data-element_type=\"widget\" data-e-type=\"widget\" data-widget_type=\"wpforms.default\">\n\t\t\t\t<div class=\"elementor-widget-container\">\n\t\t\t\t\t<div class=\"wpforms-container wpforms-container-full wpforms-render-modern\" id=\"wpforms-233\"><form id=\"wpforms-form-233\" class=\"wpforms-validate wpforms-form wpforms-ajax-form\" data-formid=\"233\" method=\"post\" enctype=\"multipart\/form-data\" action=\"\/index.php\/wp-json\/wp\/v2\/pages\/294\" data-token=\"8fa93671e41ce31e5e8d1b870810f242\" data-token-time=\"1775399499\"><noscript class=\"wpforms-error-noscript\">Ative o JavaScript no seu navegador para preencher este formul\u00e1rio.<\/noscript><div id=\"wpforms-error-noscript\" style=\"display: none;\">Ative o JavaScript no seu navegador para preencher este formul\u00e1rio.<\/div><div class=\"wpforms-field-container\"><div id=\"wpforms-233-field_1-container\" class=\"wpforms-field wpforms-field-name\" data-field-id=\"1\"><label class=\"wpforms-field-label wpforms-label-hide\" for=\"wpforms-233-field_1\" aria-hidden=\"false\">Nome <span class=\"wpforms-required-label\" aria-hidden=\"true\">*<\/span><\/label><input type=\"text\" id=\"wpforms-233-field_1\" class=\"wpforms-field-large wpforms-field-required\" name=\"wpforms[fields][1]\" placeholder=\"Nome\" aria-errormessage=\"wpforms-233-field_1-error\" required><\/div><div id=\"wpforms-233-field_2-container\" class=\"wpforms-field wpforms-field-email\" data-field-id=\"2\"><label class=\"wpforms-field-label wpforms-label-hide\" for=\"wpforms-233-field_2\" aria-hidden=\"false\">E-mail <span class=\"wpforms-required-label\" aria-hidden=\"true\">*<\/span><\/label><input type=\"email\" id=\"wpforms-233-field_2\" class=\"wpforms-field-large wpforms-field-required\" name=\"wpforms[fields][2]\" placeholder=\"E-mail\" spellcheck=\"false\" aria-errormessage=\"wpforms-233-field_2-error\" required><\/div><div id=\"wpforms-233-field_3-container\" class=\"wpforms-field wpforms-field-number\" data-field-id=\"3\"><label class=\"wpforms-field-label wpforms-label-hide\" for=\"wpforms-233-field_3\" aria-hidden=\"false\">Celular <span class=\"wpforms-required-label\" aria-hidden=\"true\">*<\/span><\/label><input type=\"number\" id=\"wpforms-233-field_3\" class=\"wpforms-field-large wpforms-field-required\" name=\"wpforms[fields][3]\" placeholder=\"Celular\" step=\"any\" aria-errormessage=\"wpforms-233-field_3-error\" required><\/div><div id=\"wpforms-233-field_4-container\" class=\"wpforms-field wpforms-field-textarea\" data-field-id=\"4\"><label class=\"wpforms-field-label wpforms-label-hide\" for=\"wpforms-233-field_4\" aria-hidden=\"false\">Mensagem<\/label><textarea id=\"wpforms-233-field_4\" class=\"wpforms-field-small\" name=\"wpforms[fields][4]\" placeholder=\"Mensagem\" aria-errormessage=\"wpforms-233-field_4-error\" ><\/textarea><\/div><\/div><!-- .wpforms-field-container --><div class=\"wpforms-submit-container\" ><input type=\"hidden\" name=\"wpforms[id]\" value=\"233\"><input type=\"hidden\" name=\"page_title\" value=\"\"><input type=\"hidden\" name=\"page_url\" value=\"https:\/\/marqcert.com.br\/index.php\/wp-json\/wp\/v2\/pages\/294\"><input type=\"hidden\" name=\"url_referer\" value=\"\"><button type=\"submit\" name=\"wpforms[submit]\" id=\"wpforms-submit-233\" class=\"wpforms-submit\" data-alt-text=\"Sending...\" data-submit-text=\"Submit\" aria-live=\"assertive\" value=\"wpforms-submit\">Submit<\/button><img decoding=\"async\" src=\"https:\/\/marqcert.com.br\/wp-content\/plugins\/wpforms-lite\/assets\/images\/submit-spin.svg\" class=\"wpforms-submit-spinner\" style=\"display: none;\" width=\"26\" height=\"26\" alt=\"Carregando\"><\/div><\/form><\/div>  <!-- .wpforms-container -->\t\t\t\t<\/div>\n\t\t\t\t<\/div>\n\t\t\t\t\t<\/div>\n\t\t\t\t<\/div>\n\t\t\t\t<\/div>\n\t\t","protected":false},"excerpt":{"rendered":"<p>Ponto de Atendimento Benef\u00edcio de tornar-se um ponto de atendimento Voc\u00ea que \u00e9 empres\u00e1rio ou quer abrir uma empresa, e n\u00e3o est\u00e1 aproveitando esse momento hist\u00f3rico para os neg\u00f3cios.Existe um mercado onde milh\u00f5es de pessoas est\u00e3o precisando de um profissional, \u00e9 uma excelente oportunidade onde voc\u00ea vai conseguir crescer rapidamente, com total liberdade para trabalhar do seu modo. O mercado de certifica\u00e7\u00e3o digital est\u00e1 em franco crescimento no Brasil, e a nossa empresa est\u00e1 aguardando voc\u00ea para abrir um ponto de neg\u00f3cio e atender os clientes. Agora \u00e9 a hora de voc\u00ea se tornar um empreendedor de sucesso. Baixo custo de manuten\u00e7\u00e3o no Ponto de Atendimento; Entrega do certificado no momento da valida\u00e7\u00e3o presencial ou videoconfer\u00eancia; Pre\u00e7os competitivos e vari\u00e1veis de acordo com sua regi\u00e3o; Nossos pontos de atendimento, te habilitam a realizar o agendamento presencial em qualquer regi\u00e3o do Brasil; Capacita\u00e7\u00e3o e treinamento do Agente de Registro sem custo; Sistema de Gest\u00e3o das opera\u00e7\u00f5es tais como: vendas, emiss\u00f5es, recebimentos, controle de dossi\u00eas, estoque, agendamentos, controle de vendas e pagamento de comiss\u00f5es sem custo para o parceiro; Fornecimento de todo o material para a realiza\u00e7\u00e3o das emiss\u00f5es dos certificados digitais, tais como, cart\u00f5es, leitoras, tokens, manuais de instala\u00e7\u00e3o, sacola, banners; Preencha o formul\u00e2rio que logo entraremos em contato.. Please enable JavaScript in your browser to complete this form.Please enable JavaScript in your browser to complete this form.Nome *E-mail *Celular *Mensagem Submit<\/p>\n","protected":false},"author":1,"featured_media":0,"parent":0,"menu_order":0,"comment_status":"closed","ping_status":"closed","template":"","meta":{"om_disable_all_campaigns":false,"_monsterinsights_skip_tracking":false,"_monsterinsights_sitenote_active":false,"_monsterinsights_sitenote_note":"","_monsterinsights_sitenote_category":0,"site-sidebar-layout":"no-sidebar","site-content-layout":"","ast-site-content-layout":"full-width-container","site-content-style":"default","site-sidebar-style":"default","ast-global-header-display":"","ast-banner-title-visibility":"","ast-main-header-display":"","ast-hfb-above-header-display":"","ast-hfb-below-header-display":"","ast-hfb-mobile-header-display":"","site-post-title":"disabled","ast-breadcrumbs-content":"","ast-featured-img":"disabled","footer-sml-layout":"","theme-transparent-header-meta":"","adv-header-id-meta":"","stick-header-meta":"","header-above-stick-meta":"","header-main-stick-meta":"","header-below-stick-meta":"","astra-migrate-meta-layouts":"default","ast-page-background-enabled":"default","ast-page-background-meta":{"desktop":{"background-color":"var(--ast-global-color-4)","background-image":"","background-repeat":"repeat","background-position":"center center","background-size":"auto","background-attachment":"scroll","background-type":"","background-media":"","overlay-type":"","overlay-color":"","overlay-gradient":""},"tablet":{"background-color":"","background-image":"","background-repeat":"repeat","background-position":"center center","background-size":"auto","background-attachment":"scroll","background-type":"","background-media":"","overlay-type":"","overlay-color":"","overlay-gradient":""},"mobile":{"background-color":"","background-image":"","background-repeat":"repeat","background-position":"center center","background-size":"auto","background-attachment":"scroll","background-type":"","background-media":"","overlay-type":"","overlay-color":"","overlay-gradient":""}},"ast-content-background-meta":{"desktop":{"background-color":"var(--ast-global-color-5)","background-image":"","background-repeat":"repeat","background-position":"center center","background-size":"auto","background-attachment":"scroll","background-type":"","background-media":"","overlay-type":"","overlay-color":"","overlay-gradient":""},"tablet":{"background-color":"var(--ast-global-color-5)","background-image":"","background-repeat":"repeat","background-position":"center center","background-size":"auto","background-attachment":"scroll","background-type":"","background-media":"","overlay-type":"","overlay-color":"","overlay-gradient":""},"mobile":{"background-color":"var(--ast-global-color-5)","background-image":"","background-repeat":"repeat","background-position":"center center","background-size":"auto","background-attachment":"scroll","background-type":"","background-media":"","overlay-type":"","overlay-color":"","overlay-gradient":""}},"footnotes":""},"class_list":["post-294","page","type-page","status-publish","hentry"],"aioseo_notices":[],"_links":{"self":[{"href":"https:\/\/marqcert.com.br\/index.php\/wp-json\/wp\/v2\/pages\/294","targetHints":{"allow":["GET"]}}],"collection":[{"href":"https:\/\/marqcert.com.br\/index.php\/wp-json\/wp\/v2\/pages"}],"about":[{"href":"https:\/\/marqcert.com.br\/index.php\/wp-json\/wp\/v2\/types\/page"}],"author":[{"embeddable":true,"href":"https:\/\/marqcert.com.br\/index.php\/wp-json\/wp\/v2\/users\/1"}],"replies":[{"embeddable":true,"href":"https:\/\/marqcert.com.br\/index.php\/wp-json\/wp\/v2\/comments?post=294"}],"version-history":[{"count":7,"href":"https:\/\/marqcert.com.br\/index.php\/wp-json\/wp\/v2\/pages\/294\/revisions"}],"predecessor-version":[{"id":514,"href":"https:\/\/marqcert.com.br\/index.php\/wp-json\/wp\/v2\/pages\/294\/revisions\/514"}],"wp:attachment":[{"href":"https:\/\/marqcert.com.br\/index.php\/wp-json\/wp\/v2\/media?parent=294"}],"curies":[{"name":"wp","href":"https:\/\/api.w.org\/{rel}","templated":true}]}}