{"id":532,"date":"2024-02-20T17:28:35","date_gmt":"2024-02-20T17:28:35","guid":{"rendered":"https:\/\/marqcert.com.br\/?page_id=532"},"modified":"2024-02-20T17:37:29","modified_gmt":"2024-02-20T17:37:29","slug":"politica-de-privacidade","status":"publish","type":"page","link":"https:\/\/marqcert.com.br\/index.php\/politica-de-privacidade\/","title":{"rendered":"Pol\u00edtica de Privacidade"},"content":{"rendered":"\t\t<div data-elementor-type=\"wp-page\" data-elementor-id=\"532\" class=\"elementor elementor-532\">\n\t\t\t\t<div class=\"elementor-element elementor-element-45839003 e-con-full e-flex wpr-particle-no wpr-jarallax-no wpr-parallax-no wpr-sticky-section-no e-con e-parent\" data-id=\"45839003\" data-element_type=\"container\" data-e-type=\"container\" data-settings=\"{&quot;background_background&quot;:&quot;classic&quot;}\">\n\t\t\t\t<div class=\"elementor-element elementor-element-5f7b4c66 elementor-widget elementor-widget-heading\" data-id=\"5f7b4c66\" data-element_type=\"widget\" data-e-type=\"widget\" data-widget_type=\"heading.default\">\n\t\t\t\t<div class=\"elementor-widget-container\">\n\t\t\t\t\t<h2 class=\"elementor-heading-title elementor-size-xl\">Pol\u00edtica de Privacidade<\/h2>\t\t\t\t<\/div>\n\t\t\t\t<\/div>\n\t\t\t\t<\/div>\n\t\t<div class=\"elementor-element elementor-element-2cb51ee0 e-con-full e-flex wpr-particle-no wpr-jarallax-no wpr-parallax-no wpr-sticky-section-no e-con e-parent\" data-id=\"2cb51ee0\" data-element_type=\"container\" data-e-type=\"container\">\n\t\t\t\t<div class=\"elementor-element elementor-element-732dc196 elementor-widget elementor-widget-spacer\" data-id=\"732dc196\" data-element_type=\"widget\" data-e-type=\"widget\" data-widget_type=\"spacer.default\">\n\t\t\t\t<div class=\"elementor-widget-container\">\n\t\t\t\t\t\t\t<div class=\"elementor-spacer\">\n\t\t\t<div class=\"elementor-spacer-inner\"><\/div>\n\t\t<\/div>\n\t\t\t\t\t\t<\/div>\n\t\t\t\t<\/div>\n\t\t\t\t<div class=\"elementor-element elementor-element-124bd175 elementor-widget elementor-widget-text-editor\" data-id=\"124bd175\" data-element_type=\"widget\" data-e-type=\"widget\" data-widget_type=\"text-editor.default\">\n\t\t\t\t<div class=\"elementor-widget-container\">\n\t\t\t\t\t\t\t\t\t<h1><strong>Pol\u00edtica de Privacidade<\/strong><\/h1><p>A Pol\u00edtica de Privacidade tem como objetivo evidenciar a transpar\u00eancia do compromisso da nossa empresa em garantir a prote\u00e7\u00e3o dos dados fornecidos pelo cliente. N\u00e3o fornecemos informa\u00e7\u00f5es pessoais para terceiros sem a devida autoriza\u00e7\u00e3o e n\u00e3o divulgamos informa\u00e7\u00f5es que possam identificar nossos clientes, salvo em casos de pedido judicial ou determina\u00e7\u00e3o legal.<\/p><p>A presente pol\u00edtica abrange o tratamento que nossa empresa concede \u00e0s informa\u00e7\u00f5es capazes de identificar os usu\u00e1rios, coletadas diretamente em nosso portal na Internet e armazenadas em bases de dados eletr\u00f4nicos por meio dos cadastros preenchidos.<\/p><p><strong>Relacionamento com a Serpro<\/strong><br \/>A nossa empresa atrav\u00e9s da (AR) MARQPLAN Engenharia e Tecnologia Ltda \u00e9 uma parceira da Serpro onde a mesma nos exige que os clientes e visitantes do nosso site tenham a mesma garantia de privacidade, confidencialidade e seguran\u00e7a que \u00e9 assegurada em nossa Pol\u00edtica de Privacidade.<\/p><p>A Pol\u00edtica de Privacidade adotada pela nossa empresa \u00e9 pertinente apenas ao site da nossa empresa, n\u00e3o sendo aplic\u00e1vel a qualquer outro site que a ele esteja associado ou que, de alguma forma, esteja relacionado por meio de \u201clinks\u201d ou de outras formas de divulga\u00e7\u00e3o e acesso.<\/p><p><strong>Coleta e uso de informa\u00e7\u00f5es<\/strong><br \/>As informa\u00e7\u00f5es solicitadas aos clientes s\u00e3o as necess\u00e1rias \u00e0 realiza\u00e7\u00e3o dos servi\u00e7os prestados pela nossa empresa e ficar\u00e3o armazenadas para fins operacionais e, quando expressamente autorizado, para relacionamento comercial com os mesmos.<\/p><p>As informa\u00e7\u00f5es pessoais coletadas no site s\u00e3o armazenadas com padr\u00f5es r\u00edgidos de confidencialidade e seguran\u00e7a e nenhum documento, informa\u00e7\u00e3o ou registro sob a guarda da nossa empresa \u00e9 fornecido a terceiros, exceto se expressamente autorizado pelo cliente ou mediante ordem judicial ou por determina\u00e7\u00e3o legal.<\/p><p><strong>Inscri\u00e7\u00e3o em formul\u00e1rio pr\u00f3prio <\/strong><br \/>Para a aquisi\u00e7\u00e3o de nossos servi\u00e7os ou produtos \u00e9 necess\u00e1rio que o usu\u00e1rio\/cliente forne\u00e7a algumas informa\u00e7\u00f5es. Essas informa\u00e7\u00f5es s\u00e3o utilizadas exclusivamente para este fim e somente quando autorizadas podem ser utilizadas para fazer parte da base de dados para a\u00e7\u00f5es comerciais. O detalhamento de informa\u00e7\u00f5es \u00e9 necess\u00e1rio para a aquisi\u00e7\u00e3o dos produtos da nossa empresa em parceria com a Serpro.<\/p><p><strong>Considera\u00e7\u00f5es gerais <\/strong><br \/>A nossa empresa se reserva o direito de notificar seus clientes de qualquer informa\u00e7\u00e3o que afete a seguran\u00e7a dos produtos ou servi\u00e7os fornecidos.<\/p><p>Para assegurar a qualidade nas informa\u00e7\u00f5es e normativos atualizados, a nossa empresa est\u00e1 sujeita a alterar essa pol\u00edtica sempre que necess\u00e1rio e a qualquer tempo. Sendo assim, recomendamos sua leitura periodicamente.<\/p><p>Se voc\u00ea tem qualquer pergunta referente a este documento,\u00a0<a href=\"https:\/\/marqcert.com.br\/index.php\/fale-conosco\/\">entre em contato<\/a>.<\/p>\t\t\t\t\t\t\t\t<\/div>\n\t\t\t\t<\/div>\n\t\t\t\t<\/div>\n\t\t\t\t<\/div>\n\t\t","protected":false},"excerpt":{"rendered":"<p>Pol\u00edtica de Privacidade Pol\u00edtica de Privacidade A Pol\u00edtica de Privacidade tem como objetivo evidenciar a transpar\u00eancia do compromisso da nossa empresa em garantir a prote\u00e7\u00e3o dos dados fornecidos pelo cliente. N\u00e3o fornecemos informa\u00e7\u00f5es pessoais para terceiros sem a devida autoriza\u00e7\u00e3o e n\u00e3o divulgamos informa\u00e7\u00f5es que possam identificar nossos clientes, salvo em casos de pedido judicial ou determina\u00e7\u00e3o legal. A presente pol\u00edtica abrange o tratamento que nossa empresa concede \u00e0s informa\u00e7\u00f5es capazes de identificar os usu\u00e1rios, coletadas diretamente em nosso portal na Internet e armazenadas em bases de dados eletr\u00f4nicos por meio dos cadastros preenchidos. Relacionamento com a SerproA nossa empresa atrav\u00e9s da (AR) MARQPLAN Engenharia e Tecnologia Ltda \u00e9 uma parceira da Serpro onde a mesma nos exige que os clientes e visitantes do nosso site tenham a mesma garantia de privacidade, confidencialidade e seguran\u00e7a que \u00e9 assegurada em nossa Pol\u00edtica de Privacidade. A Pol\u00edtica de Privacidade adotada pela nossa empresa \u00e9 pertinente apenas ao site da nossa empresa, n\u00e3o sendo aplic\u00e1vel a qualquer outro site que a ele esteja associado ou que, de alguma forma, esteja relacionado por meio de \u201clinks\u201d ou de outras formas de divulga\u00e7\u00e3o e acesso. Coleta e uso de informa\u00e7\u00f5esAs informa\u00e7\u00f5es solicitadas aos clientes s\u00e3o as necess\u00e1rias \u00e0 realiza\u00e7\u00e3o dos servi\u00e7os prestados pela nossa empresa e ficar\u00e3o armazenadas para fins operacionais e, quando expressamente autorizado, para relacionamento comercial com os mesmos. As informa\u00e7\u00f5es pessoais coletadas no site s\u00e3o armazenadas com padr\u00f5es r\u00edgidos de confidencialidade e seguran\u00e7a e nenhum documento, informa\u00e7\u00e3o ou registro sob a guarda da nossa empresa \u00e9 fornecido a terceiros, exceto se expressamente autorizado pelo cliente ou mediante ordem judicial ou por determina\u00e7\u00e3o legal. Inscri\u00e7\u00e3o em formul\u00e1rio pr\u00f3prio Para a aquisi\u00e7\u00e3o de nossos servi\u00e7os ou produtos \u00e9 necess\u00e1rio que o usu\u00e1rio\/cliente forne\u00e7a algumas informa\u00e7\u00f5es. Essas informa\u00e7\u00f5es s\u00e3o utilizadas exclusivamente para este fim e somente quando autorizadas podem ser utilizadas para fazer parte da base de dados para a\u00e7\u00f5es comerciais. O detalhamento de informa\u00e7\u00f5es \u00e9 necess\u00e1rio para a aquisi\u00e7\u00e3o dos produtos da nossa empresa em parceria com a Serpro. Considera\u00e7\u00f5es gerais A nossa empresa se reserva o direito de notificar seus clientes de qualquer informa\u00e7\u00e3o que afete a seguran\u00e7a dos produtos ou servi\u00e7os fornecidos. Para assegurar a qualidade nas informa\u00e7\u00f5es e normativos atualizados, a nossa empresa est\u00e1 sujeita a alterar essa pol\u00edtica sempre que necess\u00e1rio e a qualquer tempo. Sendo assim, recomendamos sua leitura periodicamente. Se voc\u00ea tem qualquer pergunta referente a este documento,\u00a0entre em contato.<\/p>\n","protected":false},"author":1,"featured_media":0,"parent":0,"menu_order":0,"comment_status":"closed","ping_status":"closed","template":"","meta":{"om_disable_all_campaigns":false,"_monsterinsights_skip_tracking":false,"_monsterinsights_sitenote_active":false,"_monsterinsights_sitenote_note":"","_monsterinsights_sitenote_category":0,"site-sidebar-layout":"no-sidebar","site-content-layout":"","ast-site-content-layout":"full-width-container","site-content-style":"default","site-sidebar-style":"default","ast-global-header-display":"","ast-banner-title-visibility":"","ast-main-header-display":"","ast-hfb-above-header-display":"","ast-hfb-below-header-display":"","ast-hfb-mobile-header-display":"","site-post-title":"disabled","ast-breadcrumbs-content":"","ast-featured-img":"disabled","footer-sml-layout":"","theme-transparent-header-meta":"","adv-header-id-meta":"","stick-header-meta":"","header-above-stick-meta":"","header-main-stick-meta":"","header-below-stick-meta":"","astra-migrate-meta-layouts":"default","ast-page-background-enabled":"default","ast-page-background-meta":{"desktop":{"background-color":"var(--ast-global-color-4)","background-image":"","background-repeat":"repeat","background-position":"center center","background-size":"auto","background-attachment":"scroll","background-type":"","background-media":"","overlay-type":"","overlay-color":"","overlay-gradient":""},"tablet":{"background-color":"","background-image":"","background-repeat":"repeat","background-position":"center center","background-size":"auto","background-attachment":"scroll","background-type":"","background-media":"","overlay-type":"","overlay-color":"","overlay-gradient":""},"mobile":{"background-color":"","background-image":"","background-repeat":"repeat","background-position":"center center","background-size":"auto","background-attachment":"scroll","background-type":"","background-media":"","overlay-type":"","overlay-color":"","overlay-gradient":""}},"ast-content-background-meta":{"desktop":{"background-color":"var(--ast-global-color-5)","background-image":"","background-repeat":"repeat","background-position":"center center","background-size":"auto","background-attachment":"scroll","background-type":"","background-media":"","overlay-type":"","overlay-color":"","overlay-gradient":""},"tablet":{"background-color":"var(--ast-global-color-5)","background-image":"","background-repeat":"repeat","background-position":"center center","background-size":"auto","background-attachment":"scroll","background-type":"","background-media":"","overlay-type":"","overlay-color":"","overlay-gradient":""},"mobile":{"background-color":"var(--ast-global-color-5)","background-image":"","background-repeat":"repeat","background-position":"center center","background-size":"auto","background-attachment":"scroll","background-type":"","background-media":"","overlay-type":"","overlay-color":"","overlay-gradient":""}},"footnotes":""},"class_list":["post-532","page","type-page","status-publish","hentry"],"aioseo_notices":[],"_links":{"self":[{"href":"https:\/\/marqcert.com.br\/index.php\/wp-json\/wp\/v2\/pages\/532","targetHints":{"allow":["GET"]}}],"collection":[{"href":"https:\/\/marqcert.com.br\/index.php\/wp-json\/wp\/v2\/pages"}],"about":[{"href":"https:\/\/marqcert.com.br\/index.php\/wp-json\/wp\/v2\/types\/page"}],"author":[{"embeddable":true,"href":"https:\/\/marqcert.com.br\/index.php\/wp-json\/wp\/v2\/users\/1"}],"replies":[{"embeddable":true,"href":"https:\/\/marqcert.com.br\/index.php\/wp-json\/wp\/v2\/comments?post=532"}],"version-history":[{"count":11,"href":"https:\/\/marqcert.com.br\/index.php\/wp-json\/wp\/v2\/pages\/532\/revisions"}],"predecessor-version":[{"id":545,"href":"https:\/\/marqcert.com.br\/index.php\/wp-json\/wp\/v2\/pages\/532\/revisions\/545"}],"wp:attachment":[{"href":"https:\/\/marqcert.com.br\/index.php\/wp-json\/wp\/v2\/media?parent=532"}],"curies":[{"name":"wp","href":"https:\/\/api.w.org\/{rel}","templated":true}]}}